{"id":19,"date":"2012-01-01T20:56:08","date_gmt":"2012-01-01T19:56:08","guid":{"rendered":"http:\/\/www.bigmouth.ch\/blog\/?page_id=19"},"modified":"2012-01-01T20:56:08","modified_gmt":"2012-01-01T19:56:08","slug":"wer-bin-ich","status":"publish","type":"page","link":"http:\/\/www.bigmouth.ch\/blog\/wer-bin-ich\/","title":{"rendered":"Wer bin ich"},"content":{"rendered":"<p>Aufgewachsen bin ich auf dem Bauernhof am Quellenweg 11 in Jegenstorf. Dieser Hof ist seit Generationen Zankapfel in  h\u00e4sslichen Erbstreiten, was bei mir Erkenntnisekel ausl\u00f6st. Meine geldgierigen Schwestern versuchen diesen Hof noch zu Lebzeiten unserer Mutter zu versilbern.<br \/>\nMeine Herkunftsfamilie ist gepr\u00e4gt von Machtgier und Geldgier, Streben nach Statussymbolen und Neid. Meine Mutter und meine Schwestern haben immer mit den M\u00e4chtigen  lobbyiert, um mich auszubooten.<br \/>\nNach dem Selbstmord unseres Vaters lagen sich meine Schwestern deart in den Haaren, dass es mich anekelte und ich mein Erbe ausschlagen wollte, ich verpasste aber die Frist. Zusammen mit meiner Mutter bestimmte dann der Notar, dass mein Erbteil bei der Amtsersparniskasse angelegt werde (in deren Verwaltungsrat er war&#8230;)<br \/>\nDieser Notar entsetzte sich damals dar\u00fcber, dass ein Familienvater sich umbringt und nicht einmal ein Testament hinterl\u00e4sst &#8211; vor ein paar Jahren hat er als Vater von f\u00fcnf Kindern aus zwei Ehen dasselbe getan! Und meine Schwester ist heute in zweiter Ehe mit seinem Cousin verheiratet. <\/p>\n","protected":false},"excerpt":{"rendered":"<p>Aufgewachsen bin ich auf dem Bauernhof am Quellenweg 11 in Jegenstorf. Dieser Hof ist seit Generationen Zankapfel in h\u00e4sslichen Erbstreiten, was bei mir Erkenntnisekel ausl\u00f6st. Meine geldgierigen Schwestern versuchen diesen Hof noch zu Lebzeiten unserer Mutter zu versilbern. Meine Herkunftsfamilie &hellip; <a href=\"http:\/\/www.bigmouth.ch\/blog\/wer-bin-ich\/\">Continue reading <span class=\"meta-nav\">&rarr;<\/span><\/a><\/p>\n","protected":false},"author":1,"featured_media":0,"parent":0,"menu_order":0,"comment_status":"closed","ping_status":"closed","template":"","meta":{"footnotes":""},"class_list":["post-19","page","type-page","status-publish","hentry"],"_links":{"self":[{"href":"http:\/\/www.bigmouth.ch\/blog\/wp-json\/wp\/v2\/pages\/19","targetHints":{"allow":["GET"]}}],"collection":[{"href":"http:\/\/www.bigmouth.ch\/blog\/wp-json\/wp\/v2\/pages"}],"about":[{"href":"http:\/\/www.bigmouth.ch\/blog\/wp-json\/wp\/v2\/types\/page"}],"author":[{"embeddable":true,"href":"http:\/\/www.bigmouth.ch\/blog\/wp-json\/wp\/v2\/users\/1"}],"replies":[{"embeddable":true,"href":"http:\/\/www.bigmouth.ch\/blog\/wp-json\/wp\/v2\/comments?post=19"}],"version-history":[{"count":1,"href":"http:\/\/www.bigmouth.ch\/blog\/wp-json\/wp\/v2\/pages\/19\/revisions"}],"predecessor-version":[{"id":20,"href":"http:\/\/www.bigmouth.ch\/blog\/wp-json\/wp\/v2\/pages\/19\/revisions\/20"}],"wp:attachment":[{"href":"http:\/\/www.bigmouth.ch\/blog\/wp-json\/wp\/v2\/media?parent=19"}],"curies":[{"name":"wp","href":"https:\/\/api.w.org\/{rel}","templated":true}]}}