{"id":4,"date":"2012-01-01T20:47:07","date_gmt":"2012-01-01T19:47:07","guid":{"rendered":"http:\/\/www.bigmouth.ch\/blog\/?page_id=4"},"modified":"2012-01-02T00:31:33","modified_gmt":"2012-01-01T23:31:33","slug":"sprachschule","status":"publish","type":"page","link":"http:\/\/www.bigmouth.ch\/blog\/sprachschule\/","title":{"rendered":"Sprachschule"},"content":{"rendered":"<h1><span style=\"text-decoration: underline;\"><strong>Summer Camp<\/strong><\/span><\/h1>\n<p>Englischferienkurse nach Absprache vormittags, nachmittags, wochenweise. Auf Wunsch auch mit Unterkunft.<\/p>\n<h1><span style=\"text-decoration: underline;\"><strong>Knowledge is power!<\/strong><\/span><\/h1>\n<p>Wanna be an English bigmouth? (M\u00f6chten Sie ein englisches Grossmaul sein?) Wissen Sie, was ein \u00abrunning gag\u00bb,\u00a0 ein \u00abthink tank\u00bb, Frauen -\u00abbashing\u00bb oder Bauern-\u00abbashing\u00bb ist?<\/p>\n<p>Nein? Dann sollten Sie vielleicht einen Englischkurs bei \u00abBigmouth\u00bb besuchen! Es gibt Kurse auf allen Stufen mit modernen Lehrmitteln (English Elements von hueber, Basic bis Refresher) erg\u00e4nzt durch aktuelles Material aus Musik, Medien, Werbung etc.), individuell auf Ihre W\u00fcnsche, Interessen und zeitliche Verf\u00fcgbarkeit abgestimmt.<\/p>\n<p>Bigmouth &#8211; die g\u00fcnstigsten und coolsten Englischkurse weit und breit, auch f\u00fcr Kids.<\/p>\n<h1><span style=\"text-decoration: underline;\"><strong>The way to go&#8230;<\/strong><\/span><\/h1>\n<p>F\u00fcr weitere Informationen melden Sie sich bei mir.<\/p>\n<p>\u00dcbrigens finden die Kurse auc<a href=\"http:\/\/www.bigmouth.ch\/blog\/wp-content\/uploads\/2012\/01\/rhino_sprachschule1.jpg\"><img loading=\"lazy\" decoding=\"async\" class=\"alignright size-full wp-image-15\" title=\"Sprachschule\" src=\"http:\/\/www.bigmouth.ch\/blog\/wp-content\/uploads\/2012\/01\/rhino_sprachschule1.jpg\" alt=\"\" width=\"200\" height=\"133\" \/><\/a>h samstags statt. Z.B. verbunden mit Shopping im Einkaufszentrum Sch\u00f6nb\u00fchl.<\/p>\n","protected":false},"excerpt":{"rendered":"<p>Summer Camp Englischferienkurse nach Absprache vormittags, nachmittags, wochenweise. Auf Wunsch auch mit Unterkunft. Knowledge is power! Wanna be an English bigmouth? (M\u00f6chten Sie ein englisches Grossmaul sein?) Wissen Sie, was ein \u00abrunning gag\u00bb,\u00a0 ein \u00abthink tank\u00bb, Frauen -\u00abbashing\u00bb oder Bauern-\u00abbashing\u00bb &hellip; <a href=\"http:\/\/www.bigmouth.ch\/blog\/sprachschule\/\">Continue reading <span class=\"meta-nav\">&rarr;<\/span><\/a><\/p>\n","protected":false},"author":1,"featured_media":0,"parent":0,"menu_order":0,"comment_status":"closed","ping_status":"closed","template":"","meta":{"footnotes":""},"class_list":["post-4","page","type-page","status-publish","hentry"],"_links":{"self":[{"href":"http:\/\/www.bigmouth.ch\/blog\/wp-json\/wp\/v2\/pages\/4","targetHints":{"allow":["GET"]}}],"collection":[{"href":"http:\/\/www.bigmouth.ch\/blog\/wp-json\/wp\/v2\/pages"}],"about":[{"href":"http:\/\/www.bigmouth.ch\/blog\/wp-json\/wp\/v2\/types\/page"}],"author":[{"embeddable":true,"href":"http:\/\/www.bigmouth.ch\/blog\/wp-json\/wp\/v2\/users\/1"}],"replies":[{"embeddable":true,"href":"http:\/\/www.bigmouth.ch\/blog\/wp-json\/wp\/v2\/comments?post=4"}],"version-history":[{"count":4,"href":"http:\/\/www.bigmouth.ch\/blog\/wp-json\/wp\/v2\/pages\/4\/revisions"}],"predecessor-version":[{"id":255,"href":"http:\/\/www.bigmouth.ch\/blog\/wp-json\/wp\/v2\/pages\/4\/revisions\/255"}],"wp:attachment":[{"href":"http:\/\/www.bigmouth.ch\/blog\/wp-json\/wp\/v2\/media?parent=4"}],"curies":[{"name":"wp","href":"https:\/\/api.w.org\/{rel}","templated":true}]}}